{"id":3,"date":"2020-07-02T14:32:09","date_gmt":"2020-07-02T12:32:09","guid":{"rendered":"http:\/\/diligentia24.pl\/?page_id=3"},"modified":"2025-11-21T00:38:29","modified_gmt":"2025-11-20T23:38:29","slug":"polityka-prywatnosci","status":"publish","type":"page","link":"https:\/\/diligentia24.pl\/index.php\/glowna\/polityka-prywatnosci\/","title":{"rendered":"Polityka prywatno\u015bci"},"content":{"rendered":"\r\n<p data-path-to-node=\"0\">Oto kompletna, uzupe\u0142niona o Twoje dane <b>Polityka Prywatno\u015bci<\/b>. Dokument jest gotowy do skopiowania i wklejenia na stron\u0119.<\/p>\r\n<hr data-path-to-node=\"1\" \/>\r\n<h1 class=\"wp-block-heading\">POLITYKA PRYWATNO\u015aCI I PLIK\u00d3W COOKIES<\/h1>\r\n<p>&nbsp;<\/p>\r\n<p data-path-to-node=\"3\"><b>Serwisu diligentia24.pl<\/b><\/p>\r\n<p data-path-to-node=\"4\">\u00a0<\/p>\r\n<h3>1. Postanowienia og\u00f3lne<\/h3>\r\n<p>&nbsp;<\/p>\r\n<p data-path-to-node=\"5\">Niniejsza Polityka Prywatno\u015bci okre\u015bla zasady przetwarzania i ochrony danych osobowych przekazywanych przez U\u017cytkownik\u00f3w w zwi\u0105zku z korzystaniem z serwisu internetowego <b>diligentia24.pl<\/b>. W trosce o bezpiecze\u0144stwo powierzonych nam danych opracowali\u015bmy wewn\u0119trzne procedury i zalecenia, kt\u00f3re maj\u0105 zapobiec udost\u0119pnieniu danych osobom nieupowa\u017cnionym. Kontrolujemy ich wykonywanie i stale sprawdzamy ich zgodno\u015b\u0107 z odpowiednimi aktami prawnymi \u2013 ustaw\u0105 o ochronie danych osobowych, ustaw\u0105 o \u015bwiadczeniu us\u0142ug drog\u0105 elektroniczn\u0105, a tak\u017ce wszelkiego rodzaju aktami wykonawczymi i aktami prawa wsp\u00f3lnotowego (RODO).<\/p>\r\n<p data-path-to-node=\"6\">\u00a0<\/p>\r\n<h3>2. Administrator Danych Osobowych<\/h3>\r\n<p>&nbsp;<\/p>\r\n<p data-path-to-node=\"7\">Administratorem Pa\u0144stwa danych osobowych jest: <b>Diligentia Maciej Nowakowski<\/b> z siedzib\u0105 w: <b>ul. Okr\u0119\u017cna 14L, 32-005 Niepo\u0142omice<\/b> NIP: <b>6181973984<\/b>, REGON: <b>361892728<\/b> adres strony internetowej: <b><a class=\"ng-star-inserted\" href=\"http:\/\/diligentia24.pl\" target=\"_blank\" rel=\"noopener\">http:\/\/diligentia24.pl<\/a><\/b> (dalej nazywany \u201eAdministratorem\u201d).<\/p>\r\n<p data-path-to-node=\"8\">Kontakt z Administratorem w sprawie ochrony danych osobowych jest mo\u017cliwy pod adresem e-mail: <b>biuro@diligentia24.pl<\/b>.<\/p>\r\n<p data-path-to-node=\"9\">\u00a0<\/p>\r\n<h3>3. Jakie dane zbieramy i w jakim celu?<\/h3>\r\n<p>&nbsp;<\/p>\r\n<p data-path-to-node=\"10\">W ramach dzia\u0142alno\u015bci doradczej (Strategia, AI, Zarz\u0105dzanie) przetwarzamy dane w nast\u0119puj\u0105cych celach:<\/p>\r\n<ol start=\"1\" data-path-to-node=\"11\">\r\n<li>\r\n<p data-path-to-node=\"11,0,0\"><b>Kontakt biznesowy i realizacja us\u0142ug:<\/b><\/p>\r\n<ul data-path-to-node=\"11,0,1\">\r\n<li>\r\n<p data-path-to-node=\"11,0,1,0,0\">Gdy korzystasz z formularza kontaktowego lub wysy\u0142asz do nas e-mail, zbieramy Twoje dane (imi\u0119, nazwisko, adres e-mail, numer telefonu, nazwa firmy) w celu udzielenia odpowiedzi na zapytanie, przedstawienia oferty wsp\u00f3\u0142pracy lub realizacji umowy doradczej.<\/p>\r\n<\/li>\r\n<li>\r\n<p data-path-to-node=\"11,0,1,1,0\">Podstawa prawna: Art. 6 ust. 1 lit. b RODO (niezb\u0119dno\u015b\u0107 do wykonania umowy lub podj\u0119cia dzia\u0142a\u0144 przed jej zawarciem).<\/p>\r\n<\/li>\r\n<\/ul>\r\n<\/li>\r\n<li>\r\n<p data-path-to-node=\"11,1,0\"><b>Komentarze na blogu (je\u015bli funkcja jest aktywna):<\/b><\/p>\r\n<ul data-path-to-node=\"11,1,1\">\r\n<li>\r\n<p data-path-to-node=\"11,1,1,0,0\">Kiedy odwiedzaj\u0105cy zostawia komentarz, zbieramy dane widoczne w formularzu, jak i adres IP oraz podpis przegl\u0105darki jako pomoc przy wykrywaniu spamu. Zanonimizowany ci\u0105g znak\u00f3w z adresu e-mail (hash) mo\u017ce zosta\u0107 przes\u0142any do us\u0142ugi Gravatar.<\/p>\r\n<\/li>\r\n<li>\r\n<p data-path-to-node=\"11,1,1,1,0\">Podstawa prawna: Art. 6 ust. 1 lit. f RODO (prawnie uzasadniony interes administratora \u2013 zarz\u0105dzanie tre\u015bciami).<\/p>\r\n<\/li>\r\n<\/ul>\r\n<\/li>\r\n<li>\r\n<p data-path-to-node=\"11,2,0\"><b>Marketing i Newsletter:<\/b><\/p>\r\n<ul data-path-to-node=\"11,2,1\">\r\n<li>\r\n<p data-path-to-node=\"11,2,1,0,0\">Je\u015bli wyrazisz na to zg<span class=\"citation-814 citation-end-814\">od\u0119 (np. zapisuj\u0105c si\u0119 na newsletter o trendach AI), b\u0119dziemy przetwarza\u0107 Tw\u00f3j e-mail w celu przesy\u0142ania informacji bran\u017cowych i ofert.<\/span><\/p>\r\n<div class=\"source-inline-chip-container ng-star-inserted\">\u00a0<\/div>\r\n<\/li>\r\n<li>\r\n<p data-path-to-node=\"11,2,1,1,0\"><span class=\"citation-813 citation-end-813\">Podstawa prawna: Art. 6 ust. 1 lit. a RODO (zgoda).<\/span><\/p>\r\n<div class=\"source-inline-chip-container ng-star-inserted\">\u00a0<\/div>\r\n<\/li>\r\n<\/ul>\r\n<\/li>\r\n<li>\r\n<p data-path-to-node=\"11,3,0\"><b><span class=\"citation-812\">Cele anali<\/span><span class=\"citation-811 citation-812 citation-end-812\">tyczne i statystyczne:<\/span><\/b><\/p>\r\n<div class=\"source-inline-chip-container ng-star-inserted\">\u00a0<\/div>\r\n<div class=\"source-inline-chip-container ng-star-inserted\">\u00a0<\/div>\r\n<ul data-path-to-node=\"11,3,1\">\r\n<li>\r\n<p data-path-to-node=\"11,3,1,0,0\"><span class=\"citation-809 citation-810 citation-end-810\">Analizuj<\/span><span class=\"citation-809 citation-end-809\">emy ruch na stronie, aby ulepsza\u0107 nasz\u0105 ofert\u0119 i struktur\u0119 serwisu.<\/span><\/p>\r\n<div class=\"source-inline-chip-container ng-star-inserted\">\u00a0<\/div>\r\n<div class=\"source-inline-chip-container ng-star-inserted\">\u00a0<\/div>\r\n<\/li>\r\n<\/ul>\r\n<\/li>\r\n<\/ol>\r\n<p data-path-to-node=\"12\">\u00a0<\/p>\r\n<h3><span class=\"citation-808 citation-end-808\">4. Pliki Cookies (Ciasteczka) i technologie \u015bledz\u0105ce<\/span><\/h3>\r\n<p>&nbsp;<\/p>\r\n<p data-path-to-node=\"13\"><span class=\"citation-807 citation-end-807\">Witryna diligentia24.pl u\u017cywa plik\u00f3w coo<\/span>kies. S\u0105 to niewielkie pliki tekstowe wysy\u0142ane przez serwer www i przechowywane przez oprogramowanie komputera przegl\u0105darki. Kiedy przegl\u0105darka ponownie po\u0142\u0105czy si\u0119 ze stron\u0105, witryna rozpoznaje rodzaj urz\u0105dzenia, z kt\u00f3rego \u0142\u0105czy si\u0119 u\u017cytkownik.<\/p>\r\n<div class=\"source-inline-chip-container ng-star-inserted\">\u00a0<\/div>\r\n<p data-path-to-node=\"14\"><b>Rodzaje wykorzystywanych cookies:<\/b><\/p>\r\n<ul data-path-to-node=\"15\">\r\n<li>\r\n<p data-path-to-node=\"15,0,0\"><b>Niezb\u0119dne:<\/b> Je\u015bli odwiedzisz stron\u0119 logowania, utworzymy tymczasowe ciasteczko na potrzeby sprawdzenia, czy twoja przegl\u0105darka akceptuje ciasteczka. Nie zawiera ono danych osobistych.<\/p>\r\n<\/li>\r\n<li>\r\n<p data-path-to-node=\"15,1,0\"><b>Funkcjonalne:<\/b> Je\u015bli zostawisz komentarz, mo\u017cesz wybra\u0107 opcj\u0119 zapisu twoich danych w ciasteczkach dla wygody. Te ciasteczka wygasaj\u0105 po roku. Podczas logowania tworzymy ciasteczka zapisu informacji logowania (wygasaj\u0105 po 2 dniach) oraz opcji ekranu (wygasaj\u0105 po roku).<\/p>\r\n<\/li>\r\n<li>\r\n<p data-path-to-node=\"15,2,0\"><b>Analityczne:<\/b> Korzystamy z narz\u0119dzi (np. Google Analytics), aby zrozumie\u0107, jak u\u017cytkownicy korzystaj\u0105 ze strony.<\/p>\r\n<\/li>\r\n<\/ul>\r\n<p data-path-to-node=\"16\"><b>Zarz\u0105dzanie cookies:<\/b> U\u017cytkownik ma mo\u017cliwo\u015b\u0107 ograniczenia lub wy\u0142\u0105czenia dost\u0119pu plik\u00f3w cookies do swojego urz\u0105dzenia w ustawieniach przegl\u0105darki internetowej.<\/p>\r\n<p data-path-to-node=\"17\">\u00a0<\/p>\r\n<h3>5. Osadzone tre\u015bci z innych witryn<\/h3>\r\n<p>&nbsp;<\/p>\r\n<p data-path-to-node=\"18\">Artyku\u0142y na tej witrynie mog\u0105 zawiera\u0107 osadzone tre\u015bci (np. filmy z YouTube, wykresy, mapy). Osadzone tre\u015bci z innych witryn zachowuj\u0105 si\u0119 analogicznie do tego, jakby u\u017cytkownik odwiedzi\u0142 bezpo\u015brednio konkretn\u0105 witryn\u0119 (np. Google, Facebook, LinkedIn). Witryny te mog\u0105 zbiera\u0107 informacje o Tobie, u\u017cywa\u0107 ciasteczek i monitorowa\u0107 Twoje interakcje z osadzonym materia\u0142em.<\/p>\r\n<p data-path-to-node=\"19\">\u00a0<\/p>\r\n<h3>6. Odbiorcy danych<\/h3>\r\n<p>&nbsp;<\/p>\r\n<p data-path-to-node=\"20\">Dbamy o poufno\u015b\u0107 Twoich danych, co jest fundamentem naszych us\u0142ug doradczych. Twoje dane mog\u0105 by\u0107 przekazywane jedynie podmiotom, kt\u00f3re wspieraj\u0105 nas w prowadzeniu dzia\u0142alno\u015bci:<\/p>\r\n<ul data-path-to-node=\"21\">\r\n<li>\r\n<p data-path-to-node=\"21,0,0\">Dostawcom us\u0142ug hostingowych i IT (utrzymanie serwera i poczty).<\/p>\r\n<\/li>\r\n<li>\r\n<p data-path-to-node=\"21,1,0\">Biuru ksi\u0119gowemu (w celu realizacji obowi\u0105zk\u00f3w podatkowych).<\/p>\r\n<\/li>\r\n<li>\r\n<p data-path-to-node=\"21,2,0\">Zaufanym podwykonawcom (eksperci wsp\u00f3\u0142pracuj\u0105cy przy projektach), o ile jest to niezb\u0119dne do realizacji us\u0142ugi i oparte o umowy powierzenia danych.<\/p>\r\n<\/li>\r\n<\/ul>\r\n<p data-path-to-node=\"22\">Nie sprzedajemy T<span class=\"citation-806 citation-end-806\">woich danych podmiotom trzecim.<\/span><\/p>\r\n<div class=\"source-inline-chip-container ng-star-inserted\">\u00a0<\/div>\r\n<p data-path-to-node=\"23\">\u00a0<\/p>\r\n<h3><span class=\"citation-805 citation-end-805\">7. Jak d\u0142ugo przechowujemy Twoje dane?<\/span><\/h3>\r\n<p>&nbsp;<\/p>\r\n<ul data-path-to-node=\"24\">\r\n<li>\r\n<p data-path-to-node=\"24,0,0\"><span class=\"citation-804\">Dane z <\/span><b><span class=\"citation-804\">formularzy kontaktowych<\/span><\/b><span class=\"citation-804 citation-end-804\">: Przez okres niezb\u0119dny do obs\u0142ugi zapytania, a w przypadku nawi\u0105zania wsp\u00f3\u0142pracy \u2013 przez okres trwania umowy oraz wymaga<\/span>ny przepisami prawa (np. podatkowego).<\/p>\r\n<div class=\"source-inline-chip-container ng-star-inserted\">\u00a0<\/div>\r\n<\/li>\r\n<li>\r\n<p data-path-to-node=\"24,1,0\"><b>Komentarze<\/b>: Tre\u015b\u0107 i metadane komentarzy przechowywane s\u0105 przez czas nieokre\u015blony (w celu automatycznego zatwierdzania i moderacji).<\/p>\r\n<\/li>\r\n<li>\r\n<p data-path-to-node=\"24,2,0\">Dane u\u017cytkownik\u00f3w <b>zarejestrowanych<\/b>: Przechowujemy informacje z profilu do momentu usuni\u0119cia konta przez u\u017cytkownika lub administratora.<\/p>\r\n<\/li>\r\n<\/ul>\r\n<p data-path-to-node=\"25\">\u00a0<\/p>\r\n<h3>8. Twoje prawa (zgodnie z RODO)<\/h3>\r\n<p>&nbsp;<\/p>\r\n<p data-path-to-node=\"26\">Przys\u0142uguje Ci prawo do:<\/p>\r\n<ol start=\"1\" data-path-to-node=\"27\">\r\n<li>\r\n<p data-path-to-node=\"27,0,0\">Wgl\u0105du w swoje dane osobowe.<\/p>\r\n<\/li>\r\n<li>\r\n<p data-path-to-node=\"27,1,0\">Ich sprostowania (poprawiania).<\/p>\r\n<\/li>\r\n<li>\r\n<p data-path-to-node=\"27,2,0\">Usuni\u0119cia danych (\u201eprawo do bycia zapomnianym\u201d), o ile nie ma innych prawnych podstaw do ich przetwarzania.<\/p>\r\n<\/li>\r\n<li>\r\n<p data-path-to-node=\"27,3,0\">Ograniczenia przetwarzania.<\/p>\r\n<\/li>\r\n<li>\r\n<p data-path-to-node=\"27,4,0\">Wniesienia sprzeciwu wobec przetwarzania.<\/p>\r\n<\/li>\r\n<li>\r\n<p data-path-to-node=\"27,5,0\">Przenoszenia danych (otrzymania pliku z wyeksportowanym kompletem danych).<\/p>\r\n<\/li>\r\n<\/ol>\r\n<p data-path-to-node=\"28\">W celu realizacji swoich praw prosimy o kontakt pod adresem e-mail wskazanym w pkt 2.<\/p>\r\n<p data-path-to-node=\"29\">\u00a0<\/p>\r\n<h3>9. Bezpiecze\u0144stwo<\/h3>\r\n<p>&nbsp;<\/p>\r\n<p data-path-to-node=\"30\">Stosujemy odpowiednie \u015brodki techniczne i organizacyjne (w tym szyfrowanie po\u0142\u0105czenia za pomoc\u0105 certyfikatu SSL), aby chroni\u0107 Twoje dane przed nieuprawnionym dost\u0119pem, utrat\u0105 czy zmian\u0105. Jako eksperci od zarz\u0105dzania ryzykiem i bezpiecze\u0144stwa informacji, traktujemy te kwestie priorytetowo.<\/p>\r\n","protected":false},"excerpt":{"rendered":"<p>Oto kompletna, uzupe\u0142niona o Twoje dane Polityka Prywatno\u015bci. Dokument jest gotowy do skopiowania i wklejenia na stron\u0119. POLITYKA PRYWATNO\u015aCI I PLIK\u00d3W COOKIES &nbsp; Serwisu diligentia24.pl \u00a0 1. Postanowienia og\u00f3lne &nbsp; Niniejsza Polityka Prywatno\u015bci okre\u015bla zasady przetwarzania i ochrony danych osobowych przekazywanych przez U\u017cytkownik\u00f3w w zwi\u0105zku z korzystaniem z serwisu internetowego diligentia24.pl. W trosce o bezpiecze\u0144stwo [&hellip;]<\/p>\n","protected":false},"author":1,"featured_media":0,"parent":126,"menu_order":0,"comment_status":"closed","ping_status":"open","template":"","meta":{"footnotes":""},"class_list":["post-3","page","type-page","status-publish","hentry"],"_links":{"self":[{"href":"https:\/\/diligentia24.pl\/index.php\/wp-json\/wp\/v2\/pages\/3","targetHints":{"allow":["GET"]}}],"collection":[{"href":"https:\/\/diligentia24.pl\/index.php\/wp-json\/wp\/v2\/pages"}],"about":[{"href":"https:\/\/diligentia24.pl\/index.php\/wp-json\/wp\/v2\/types\/page"}],"author":[{"embeddable":true,"href":"https:\/\/diligentia24.pl\/index.php\/wp-json\/wp\/v2\/users\/1"}],"replies":[{"embeddable":true,"href":"https:\/\/diligentia24.pl\/index.php\/wp-json\/wp\/v2\/comments?post=3"}],"version-history":[{"count":1,"href":"https:\/\/diligentia24.pl\/index.php\/wp-json\/wp\/v2\/pages\/3\/revisions"}],"predecessor-version":[{"id":228,"href":"https:\/\/diligentia24.pl\/index.php\/wp-json\/wp\/v2\/pages\/3\/revisions\/228"}],"up":[{"embeddable":true,"href":"https:\/\/diligentia24.pl\/index.php\/wp-json\/wp\/v2\/pages\/126"}],"wp:attachment":[{"href":"https:\/\/diligentia24.pl\/index.php\/wp-json\/wp\/v2\/media?parent=3"}],"curies":[{"name":"wp","href":"https:\/\/api.w.org\/{rel}","templated":true}]}}